{"id":702,"date":"2016-08-04T15:09:27","date_gmt":"2016-08-04T14:09:27","guid":{"rendered":"http:\/\/tempsdansejazz.com\/?page_id=702"},"modified":"2018-07-06T20:29:50","modified_gmt":"2018-07-06T18:29:50","slug":"enfants","status":"publish","type":"page","link":"http:\/\/tempsdansejazz.com\/index.php\/les-cours\/enfants\/","title":{"rendered":"Enfants"},"content":{"rendered":"<style type=\"text\/css\"> \n#cmsmasters_row_69f3b3440c07b { \n\tbackground-color:#ffffff;\n\tbackground-image: url(http:\/\/tempsdansejazz.com\/wp-content\/uploads\/2016\/07\/Tdj-2011-thibert-107-e1471166437939.jpg); \n\tbackground-position: bottom center; \n\tbackground-repeat: no-repeat; \n\tbackground-attachment: fixed; \n\tbackground-size: contain; \n} \n\n#cmsmasters_row_69f3b3440c07b .cmsmasters_row_outer_parent { \n\tpadding-top: 0px; \n} \n\n#cmsmasters_row_69f3b3440c07b .cmsmasters_row_outer_parent { \n\tpadding-bottom: 310px; \n} \n\n \n\n#cmsmasters_fb_69f3b3440c8a9 { \n\tpadding-top:300px; \n\tpadding-bottom:0px; \n} \n\n#cmsmasters_fb_69f3b3440c8a9 .featured_block_inner { \n\twidth: 100%; \n\tpadding: ; \n\ttext-align: left; \n\tmargin:0 auto; \n} \n\n#cmsmasters_fb_69f3b3440c8a9 .featured_block_text { \n\ttext-align: left; \n} \n\n \n#cmsmasters_row_69f3b3440c99e { \n\tbackground-color:#ffffff;\n} \n\n#cmsmasters_row_69f3b3440c99e .cmsmasters_row_outer_parent { \n\tpadding-top: 30px; \n} \n\n#cmsmasters_row_69f3b3440c99e .cmsmasters_row_outer_parent { \n\tpadding-bottom: 50px; \n} \n\n \n#cmsmasters_heading_69f3b3440ce5d { \n\ttext-align:left; \n\tmargin-top:0px; \n\tmargin-bottom:20px; \n} \n\n#cmsmasters_heading_69f3b3440ce5d .cmsmasters_heading { \n\ttext-align:left; \n} \n\n#cmsmasters_heading_69f3b3440ce5d .cmsmasters_heading, #cmsmasters_heading_69f3b3440ce5d .cmsmasters_heading a { \n\tfont-weight:normal; \n\tfont-style:normal; \n} \n\n#cmsmasters_heading_69f3b3440ce5d .cmsmasters_heading_divider { \n} \n\n\n#cmsmasters_button_69f3b3440d06e { \n\tfloat:right; \n} \n\n#cmsmasters_button_69f3b3440d06e .cmsmasters_button:before { \n\tmargin-right:.5em; \n\tmargin-left:0; \n\tvertical-align:baseline; \n} \n\n#cmsmasters_button_69f3b3440d06e .cmsmasters_button { \n\tfont-weight:normal; \n\tfont-style:normal; \n\tborder-style:solid; \n} \n#cmsmasters_button_69f3b3440d06e .cmsmasters_button:hover { \n} \n \n#cmsmasters_heading_69f3b3440d269 { \n\ttext-align:left; \n\tmargin-top:0px; \n\tmargin-bottom:20px; \n} \n\n#cmsmasters_heading_69f3b3440d269 .cmsmasters_heading { \n\ttext-align:left; \n} \n\n#cmsmasters_heading_69f3b3440d269 .cmsmasters_heading, #cmsmasters_heading_69f3b3440d269 .cmsmasters_heading a { \n\tfont-weight:normal; \n\tfont-style:normal; \n\tcolor:#ffffff;\n} \n\n#cmsmasters_heading_69f3b3440d269 .cmsmasters_heading_divider { \n} \n\n \n#cmsmasters_row_69f3b3440d67c .cmsmasters_row_outer_parent { \n\tpadding-top: 0px; \n} \n\n#cmsmasters_row_69f3b3440d67c .cmsmasters_row_outer_parent { \n\tpadding-bottom: 0px; \n} \n\n \n#cmsmasters_divider_69f3b3440d782 { \n\tborder-bottom-width:1px; \n\tborder-bottom-style:solid; \n\tpadding-top:50px; \n\tmargin-bottom:50px; \n} \n \n#cmsmasters_row_69f3b3440d808 .cmsmasters_row_outer_parent { \n\tpadding-top: 30px; \n} \n\n#cmsmasters_row_69f3b3440d808 .cmsmasters_row_outer_parent { \n\tpadding-bottom: 50px; \n} \n\n \n#cmsmasters_heading_69f3b3440d9c3 { \n\ttext-align:left; \n\tmargin-top:0px; \n\tmargin-bottom:20px; \n} \n\n#cmsmasters_heading_69f3b3440d9c3 .cmsmasters_heading { \n\ttext-align:left; \n} \n\n#cmsmasters_heading_69f3b3440d9c3 .cmsmasters_heading, #cmsmasters_heading_69f3b3440d9c3 .cmsmasters_heading a { \n\tfont-weight:normal; \n\tfont-style:normal; \n\tcolor:#ffffff;\n} \n\n#cmsmasters_heading_69f3b3440d9c3 .cmsmasters_heading_divider { \n} \n\n \n#cmsmasters_heading_69f3b3440df46 { \n\ttext-align:left; \n\tmargin-top:0px; \n\tmargin-bottom:20px; \n} \n\n#cmsmasters_heading_69f3b3440df46 .cmsmasters_heading { \n\ttext-align:left; \n} \n\n#cmsmasters_heading_69f3b3440df46 .cmsmasters_heading, #cmsmasters_heading_69f3b3440df46 .cmsmasters_heading a { \n\tfont-weight:normal; \n\tfont-style:normal; \n} \n\n#cmsmasters_heading_69f3b3440df46 .cmsmasters_heading_divider { \n} \n\n\n#cmsmasters_button_69f3b3440e147 { \n\tfloat:right; \n} \n\n#cmsmasters_button_69f3b3440e147 .cmsmasters_button:before { \n\tmargin-right:.5em; \n\tmargin-left:0; \n\tvertical-align:baseline; \n} \n\n#cmsmasters_button_69f3b3440e147 .cmsmasters_button { \n\tfont-weight:normal; \n\tfont-style:normal; \n\tborder-style:solid; \n} \n#cmsmasters_button_69f3b3440e147 .cmsmasters_button:hover { \n} \n \n#cmsmasters_row_69f3b3440e263 .cmsmasters_row_outer_parent { \n\tpadding-top: 0px; \n} \n\n#cmsmasters_row_69f3b3440e263 .cmsmasters_row_outer_parent { \n\tpadding-bottom: 50px; \n} \n\n \n#cmsmasters_divider_69f3b3440e347 { \n\tborder-bottom-width:1px; \n\tborder-bottom-style:solid; \n\tpadding-top:50px; \n\tmargin-bottom:50px; \n} \n \n#cmsmasters_row_69f3b3440e3c8 .cmsmasters_row_outer_parent { \n\tpadding-top: 30px; \n} \n\n#cmsmasters_row_69f3b3440e3c8 .cmsmasters_row_outer_parent { \n\tpadding-bottom: 50px; \n} \n\n \n#cmsmasters_heading_69f3b3440e63c { \n\ttext-align:left; \n\tmargin-top:0px; \n\tmargin-bottom:20px; \n} \n\n#cmsmasters_heading_69f3b3440e63c .cmsmasters_heading { \n\ttext-align:left; \n} \n\n#cmsmasters_heading_69f3b3440e63c .cmsmasters_heading, #cmsmasters_heading_69f3b3440e63c .cmsmasters_heading a { \n\tfont-weight:normal; \n\tfont-style:normal; \n} \n\n#cmsmasters_heading_69f3b3440e63c .cmsmasters_heading_divider { \n} \n\n\n#cmsmasters_button_69f3b3440e822 { \n\tfloat:left; \n} \n\n#cmsmasters_button_69f3b3440e822 .cmsmasters_button:before { \n\tmargin-right:.5em; \n\tmargin-left:0; \n\tvertical-align:baseline; \n} \n\n#cmsmasters_button_69f3b3440e822 .cmsmasters_button { \n\tfont-weight:normal; \n\tfont-style:normal; \n\tborder-style:solid; \n} \n#cmsmasters_button_69f3b3440e822 .cmsmasters_button:hover { \n} \n\n#cmsmasters_button_69f3b3440e894 { \n\tfloat:right; \n} \n\n#cmsmasters_button_69f3b3440e894 .cmsmasters_button:before { \n\tmargin-right:.5em; \n\tmargin-left:0; \n\tvertical-align:baseline; \n} \n\n#cmsmasters_button_69f3b3440e894 .cmsmasters_button { \n\tfont-weight:normal; \n\tfont-style:normal; \n\tborder-style:solid; \n} \n#cmsmasters_button_69f3b3440e894 .cmsmasters_button:hover { \n} \n \n#cmsmasters_heading_69f3b3440ea86 { \n\ttext-align:left; \n\tmargin-top:0px; \n\tmargin-bottom:20px; \n} \n\n#cmsmasters_heading_69f3b3440ea86 .cmsmasters_heading { \n\ttext-align:left; \n} \n\n#cmsmasters_heading_69f3b3440ea86 .cmsmasters_heading, #cmsmasters_heading_69f3b3440ea86 .cmsmasters_heading a { \n\tfont-weight:normal; \n\tfont-style:normal; \n\tcolor:#ffffff;\n} \n\n#cmsmasters_heading_69f3b3440ea86 .cmsmasters_heading_divider { \n} \n\n<\/style><div id=\"cmsmasters_row_69f3b3440c07b\" class=\"cmsmasters_row cmsmasters_color_scheme_default cmsmasters_row_top_default cmsmasters_row_bot_default cmsmasters_row_fullwidth\">\n<div class=\"cmsmasters_row_outer_parent\">\n<div class=\"cmsmasters_row_outer\">\n<div class=\"cmsmasters_row_inner cmsmasters_row_fullwidth\">\n<div class=\"cmsmasters_row_margin\">\n<div class=\"cmsmasters_column one_first\">\n<div id=\"cmsmasters_fb_69f3b3440c8a9\" class=\"cmsmasters_featured_block\">\n<div class=\"featured_block_inner\">\n<div class=\"featured_block_text\">\n<h1 style=\"text-align: center;\"><span style=\"font-family: impact, sans-serif; font-size: 60pt; color: #ffffff;\">Enfants<\/span><\/h1>\n<\/div>\n<\/div>\n<\/div>\n<\/div>\n<\/div>\n<\/div>\n<\/div>\n<\/div>\n<\/div>\n<div id=\"cmsmasters_row_69f3b3440c99e\" class=\"cmsmasters_row cmsmasters_color_scheme_default cmsmasters_row_top_left_diagonal cmsmasters_row_bot_default cmsmasters_row_boxed\">\n<div class=\"cmsmasters_row_outer_parent\">\n<div class=\"cmsmasters_row_outer\">\n<div class=\"cmsmasters_row_inner\">\n<div class=\"cmsmasters_row_margin\">\n<div class=\"cmsmasters_column one_half\">\n\n<div id=\"cmsmasters_heading_69f3b3440ce5d\" class=\"cmsmasters_heading_wrap cmsmasters_heading_align_left\">\n\t<h1 class=\"cmsmasters_heading\">Eveil<\/h1>\n<\/div><div class=\"cmsmasters_text\">\n<p style=\"text-align: justify;\"><span style=\"color: #808080;\">Ce cours s&rsquo;adresse aux enfants de 4 \u00e0 6 ans (moyennes et grandes sections de maternelle).<\/span><\/p>\n<p style=\"text-align: justify;\"><span style=\"color: #808080;\">Deux cours sont propos\u00e9s, l&rsquo;un pour les moyennes sections de maternelle (4-5 ans) et l&rsquo;autre s&rsquo;adressant aux grandes sections de maternelle (5-6 ans).<\/span><\/p>\n<p style=\"text-align: justify;\"><span style=\"color: #808080;\">Dans une atmosph\u00e8re de jeu et de cr\u00e9ation, les enfants d\u00e9couvrent et s&rsquo;approprient \u00e0 leur rythme les \u00e9l\u00e9ments fondamentaux de la Danse quelle que soit la sp\u00e9cificit\u00e9 (Jazz, Classique ou Contemporain).<\/span><\/p>\n<p style=\"text-align: justify;\"><span style=\"color: #808080;\">A la fin de l&rsquo;ann\u00e9e les tous-petits participent eux-aussi au spectacle de l&rsquo;\u00e9cole. L&rsquo;occasion pour eux de d\u00e9couvrir le go\u00fbt de la sc\u00e8ne et de pr\u00e9senter\u00a0leur chor\u00e9graphie en toute autonomie.<\/span><\/p>\n<p style=\"text-align: left;\"><span style=\"color: #808080;\"><strong>Aptitudes\u00a0d\u00e9velopp\u00e9es pendant le cycle d&rsquo;\u00e9veil :<\/strong><\/span><\/p>\n<ul>\n<li style=\"text-align: left;\"><span style=\"color: #808080;\"><strong>relation \u00e0 son propre corps,<\/strong><\/span><\/li>\n<li style=\"text-align: left;\"><span style=\"color: #808080;\"><strong>relation \u00e0 l&rsquo;espace,<\/strong><\/span><\/li>\n<li style=\"text-align: left;\"><span style=\"color: #808080;\"><strong>relation \u00e0 la musique,<\/strong><\/span><\/li>\n<li style=\"text-align: left;\"><span style=\"color: #808080;\"><strong>relation aux autres.<\/strong><\/span><\/li>\n<\/ul>\n\n<div id=\"cmsmasters_button_69f3b3440d06e\" class=\"button_wrap\"><a href=\"tempsdansejazz.com\/index.php\/horaires-tarifs\/\" class=\"cmsmasters_button\"><span>Horaires &amp; Tarifs<\/span><\/a><\/div>\n<\/div>\n<\/div>\n<div class=\"cmsmasters_column one_half\">\n\n<div id=\"cmsmasters_heading_69f3b3440d269\" class=\"cmsmasters_heading_wrap cmsmasters_heading_align_left\">\n\t<h1 class=\"cmsmasters_heading\">danse belley<\/h1>\n<\/div><div class=\"aligncenter\">\n<div class=\"cmsmasters_img  cmsmasters_image_c\" data-animation=\"fadeIn\" data-delay=\"500\">\n<img src=\"http:\/\/tempsdansejazz.com\/wp-content\/uploads\/2016\/08\/mains-eveil-orange.jpg\" alt=\"\" \/>\n<\/div>\n<\/div>\n<\/div>\n<\/div>\n<\/div>\n<\/div>\n<\/div>\n<\/div>\n<div id=\"cmsmasters_row_69f3b3440d67c\" class=\"cmsmasters_row cmsmasters_color_scheme_default cmsmasters_row_top_default cmsmasters_row_bot_default cmsmasters_row_boxed\">\n<div class=\"cmsmasters_row_outer_parent\">\n<div class=\"cmsmasters_row_outer\">\n<div class=\"cmsmasters_row_inner\">\n<div class=\"cmsmasters_row_margin\">\n<div class=\"cmsmasters_column one_first\">\n\n<div id=\"cmsmasters_divider_69f3b3440d782\" class=\"cmsmasters_divider cmsmasters_divider_width_long cmsmasters_divider_pos_center\"><\/div>\n<\/div>\n<\/div>\n<\/div>\n<\/div>\n<\/div>\n<\/div>\n<div id=\"cmsmasters_row_69f3b3440d808\" class=\"cmsmasters_row cmsmasters_color_scheme_default cmsmasters_row_top_default cmsmasters_row_bot_default cmsmasters_row_boxed\">\n<div class=\"cmsmasters_row_outer_parent\">\n<div class=\"cmsmasters_row_outer\">\n<div class=\"cmsmasters_row_inner\">\n<div class=\"cmsmasters_row_margin\">\n<div class=\"cmsmasters_column one_half\">\n\n<div id=\"cmsmasters_heading_69f3b3440d9c3\" class=\"cmsmasters_heading_wrap cmsmasters_heading_align_left\">\n\t<h1 class=\"cmsmasters_heading\">danse belley<\/h1>\n<\/div><div class=\"aligncenter\">\n<div class=\"cmsmasters_img  cmsmasters_image_c\" data-animation=\"fadeIn\" data-delay=\"500\">\n<img src=\"http:\/\/tempsdansejazz.com\/wp-content\/uploads\/2016\/08\/initiation-orange.jpg\" alt=\"\" \/>\n<\/div>\n<\/div>\n<\/div>\n<div class=\"cmsmasters_column one_half\">\n\n<div id=\"cmsmasters_heading_69f3b3440df46\" class=\"cmsmasters_heading_wrap cmsmasters_heading_align_left\">\n\t<h1 class=\"cmsmasters_heading\">Initiation<\/h1>\n<\/div><div class=\"cmsmasters_text\">\n<p style=\"text-align: justify;\"><span style=\"color: #808080;\">Ce cours s&rsquo;adresse aux enfants de 6\u00a0\u00e0 8\u00a0ans (CP et CE1).<\/span><\/p>\n<p style=\"text-align: justify;\"><span style=\"color: #808080;\">Deux cours sont propos\u00e9s, l&rsquo;un pour les CP\u00a0(6-7 ans) et l&rsquo;autre s&rsquo;adressant aux CE1\u00a0(7-8 ans).<\/span><\/p>\n<p style=\"text-align: justify;\"><span style=\"color: #808080;\">Comme en \u00e9veil, le but est de permettre aux enfants de construire un corps apte \u00e0 aborder \u00e0 partir de 8\u00a0ans un travail technique plus sp\u00e9cifique.<\/span><\/p>\n<p style=\"text-align: justify;\"><span style=\"color: #808080;\">Le plaisir et la cr\u00e9ativit\u00e9 sont toujours privil\u00e9gi\u00e9s. Des \u00e9l\u00e9ments pr\u00e9cis sont mis en place sous forme d&rsquo;exercices, de diagonales, de passages dans\u00e9s \u00e0 m\u00e9moriser. Les coordinations se complexifient, les qualit\u00e9s s&rsquo;affinent dans le respect de la sensibilit\u00e9 propre \u00e0 chaque enfant.<\/span><\/p>\n<p><span style=\"color: #808080;\">Dans le respect de son identit\u00e9, l&rsquo;enfant construit des bases qui lui permettront d&rsquo;aborder plus tard toutes les techniques : \u00a0jazz,\u00a0classique, danse contemporaine, hip hop, etc&#8230;<\/span><\/p>\n<p><span style=\"color: #808080;\"><strong>Aptitudes\u00a0d\u00e9velopp\u00e9es pendant le cycle d&rsquo;initiation :<\/strong><\/span><\/p>\n<ul>\n<li style=\"text-align: justify;\"><span style=\"color: #808080;\"><strong>plaisir du mouvement dans\u00e9,<\/strong><\/span><\/li>\n<li style=\"text-align: justify;\"><span style=\"color: #808080;\"><strong>autonomie,<\/strong><\/span><\/li>\n<li style=\"text-align: justify;\"><span style=\"color: #808080;\"><strong>\u00e9coute de soi et des autres,<\/strong><\/span><\/li>\n<li style=\"text-align: justify;\"><span style=\"color: #808080;\"><strong>sensibilit\u00e9 artistique.<\/strong><\/span><\/li>\n<\/ul>\n<p style=\"text-align: right;\">\n<div id=\"cmsmasters_button_69f3b3440e147\" class=\"button_wrap\"><a href=\"tempsdansejazz.com\/index.php\/horaires-tarifs\/\" class=\"cmsmasters_button\"><span>Horaires &amp; Tarifs<\/span><\/a><\/div>\n<\/div>\n<\/div>\n<\/div>\n<\/div>\n<\/div>\n<\/div>\n<\/div>\n<div id=\"cmsmasters_row_69f3b3440e263\" class=\"cmsmasters_row cmsmasters_color_scheme_default cmsmasters_row_top_default cmsmasters_row_bot_default cmsmasters_row_boxed\">\n<div class=\"cmsmasters_row_outer_parent\">\n<div class=\"cmsmasters_row_outer\">\n<div class=\"cmsmasters_row_inner\">\n<div class=\"cmsmasters_row_margin\">\n<div class=\"cmsmasters_column one_first\">\n\n<div id=\"cmsmasters_divider_69f3b3440e347\" class=\"cmsmasters_divider cmsmasters_divider_width_long cmsmasters_divider_pos_center\"><\/div>\n<\/div>\n<\/div>\n<\/div>\n<\/div>\n<\/div>\n<\/div>\n<div id=\"cmsmasters_row_69f3b3440e3c8\" class=\"cmsmasters_row cmsmasters_color_scheme_default cmsmasters_row_top_default cmsmasters_row_bot_default cmsmasters_row_boxed\">\n<div class=\"cmsmasters_row_outer_parent\">\n<div class=\"cmsmasters_row_outer\">\n<div class=\"cmsmasters_row_inner\">\n<div class=\"cmsmasters_row_margin\">\n<div class=\"cmsmasters_column one_half\" data-animation=\"fadeIn\">\n\n<div id=\"cmsmasters_heading_69f3b3440e63c\" class=\"cmsmasters_heading_wrap cmsmasters_heading_align_left\">\n\t<h1 class=\"cmsmasters_heading\">Technique Jazz 8-12 ans<\/h1>\n<\/div><div class=\"cmsmasters_text\">\n<p style=\"text-align: justify;\"><span style=\"color: #808080;\">Ce cours s&rsquo;adresse aux enfants de 8\u00a0\u00e0 12\u00a0ans (\u00e0 partir du CE2).<\/span><\/p>\n<p style=\"text-align: justify;\"><span style=\"color: #808080;\">Quatre\u00a0cours sont propos\u00e9s :\u00a0D\u00e9butant 1, D\u00e9butant 2, Interm\u00e9diaire et Avanc\u00e9.<\/span><\/p>\n<p style=\"text-align: justify;\"><span style=\"color: #808080;\">En effet, la hi\u00e9rarchisation du niveau de danse est \u00e0 pr\u00e9sent n\u00e9cessaire puisque, \u00e0 partir de 8 ans, commence l&rsquo;apprentissage sp\u00e9cifique de la technique Jazz.<\/span><\/p>\n<p style=\"text-align: justify;\"><span style=\"color: #808080;\">Chaque \u00e9l\u00e8ve, en fonction de son exp\u00e9rience dans\u00e9e, pourra progresser au sein d&rsquo;un cours adapt\u00e9 \u00e0 son niveau technique.<\/span><\/p>\n<p style=\"text-align: justify;\"><span style=\"color: #808080;\"><strong>Aptitudes\u00a0d\u00e9velopp\u00e9es en cours technique\u00a0:<\/strong><\/span><\/p>\n<ul>\n<li style=\"text-align: justify;\"><span style=\"color: #808080;\"><strong>pr\u00e9cision du mouvement dans\u00e9,<\/strong><\/span><\/li>\n<li style=\"text-align: justify;\"><span style=\"color: #808080;\"><strong>musicalit\u00e9,<\/strong><\/span><\/li>\n<li style=\"text-align: justify;\"><span style=\"color: #808080;\"><strong>expression,<\/strong><\/span><\/li>\n<li style=\"text-align: justify;\"><span style=\"color: #808080;\"><b>\u00e9nergie.<\/b><\/span><\/li>\n<\/ul>\n<p style=\"text-align: right;\">\n<div id=\"cmsmasters_button_69f3b3440e822\" class=\"button_wrap\"><a href=\"http:\/\/tempsdansejazz.com\/index.php\/les-cours\/\" class=\"cmsmasters_button\"><span>Qu&rsquo;est-ce que le Jazz ?<\/span><\/a><\/div>\n\n<div id=\"cmsmasters_button_69f3b3440e894\" class=\"button_wrap\"><a href=\"tempsdansejazz.com\/index.php\/horaires-tarifs\/\" class=\"cmsmasters_button\"><span>Horaires &amp; Tarifs<\/span><\/a><\/div>\n<\/div>\n<\/div>\n<div class=\"cmsmasters_column one_half\">\n\n<div id=\"cmsmasters_heading_69f3b3440ea86\" class=\"cmsmasters_heading_wrap cmsmasters_heading_align_left\">\n\t<h1 class=\"cmsmasters_heading\">danse belley<\/h1>\n<\/div><div class=\"aligncenter\">\n<div class=\"cmsmasters_img  cmsmasters_image_c\" data-animation=\"fadeIn\" data-delay=\"500\">\n<img src=\"http:\/\/tempsdansejazz.com\/wp-content\/uploads\/2016\/08\/8-12-ans-orange.jpg\" alt=\"\" \/>\n<\/div>\n<\/div>\n<\/div>\n<\/div>\n<\/div>\n<\/div>\n<\/div>\n<\/div>\n\n","protected":false},"excerpt":{"rendered":"","protected":false},"author":1,"featured_media":0,"parent":730,"menu_order":0,"comment_status":"closed","ping_status":"closed","template":"","meta":[],"yoast_head":"<!-- This site is optimized with the Yoast SEO plugin v15.2 - https:\/\/yoast.com\/wordpress\/plugins\/seo\/ -->\n<title>Temps Danse Jazz- Cours de danse pour les enfants<\/title>\n<meta name=\"description\" content=\"D\u00e9couvrez les diff\u00e9rents cours de danse propos\u00e9s pour les enfants entre 4 et 12 ans par Temps Danse Jazz, \u00e9cole de danse situ\u00e9e \u00e0 Belley.\" \/>\n<meta name=\"robots\" content=\"index, follow, max-snippet:-1, max-image-preview:large, max-video-preview:-1\" \/>\n<link rel=\"canonical\" href=\"https:\/\/tempsdansejazz.com\/index.php\/les-cours\/enfants\/\" \/>\n<meta property=\"og:locale\" content=\"fr_FR\" \/>\n<meta property=\"og:type\" content=\"article\" \/>\n<meta property=\"og:title\" content=\"Temps Danse Jazz- Cours de danse pour les enfants\" \/>\n<meta property=\"og:description\" content=\"D\u00e9couvrez les diff\u00e9rents cours de danse propos\u00e9s pour les enfants entre 4 et 12 ans par Temps Danse Jazz, \u00e9cole de danse situ\u00e9e \u00e0 Belley.\" \/>\n<meta property=\"og:url\" content=\"https:\/\/tempsdansejazz.com\/index.php\/les-cours\/enfants\/\" \/>\n<meta property=\"og:site_name\" content=\"TEMPS DANSE JAZZ\" \/>\n<meta property=\"article:modified_time\" content=\"2018-07-06T18:29:50+00:00\" \/>\n<meta name=\"twitter:card\" content=\"summary\" \/>\n<meta name=\"twitter:label1\" value=\"\u00c9crit par\">\n\t<meta name=\"twitter:data1\" value=\"admin6601\">\n\t<meta name=\"twitter:label2\" value=\"Dur\u00e9e de lecture est.\">\n\t<meta name=\"twitter:data2\" value=\"4 minutes\">\n<script type=\"application\/ld+json\" class=\"yoast-schema-graph\">{\"@context\":\"https:\/\/schema.org\",\"@graph\":[{\"@type\":\"WebSite\",\"@id\":\"http:\/\/tempsdansejazz.com\/#website\",\"url\":\"http:\/\/tempsdansejazz.com\/\",\"name\":\"TEMPS DANSE JAZZ\",\"description\":\"Ecole de danse\",\"potentialAction\":[{\"@type\":\"SearchAction\",\"target\":\"http:\/\/tempsdansejazz.com\/?s={search_term_string}\",\"query-input\":\"required name=search_term_string\"}],\"inLanguage\":\"fr-FR\"},{\"@type\":\"WebPage\",\"@id\":\"https:\/\/tempsdansejazz.com\/index.php\/les-cours\/enfants\/#webpage\",\"url\":\"https:\/\/tempsdansejazz.com\/index.php\/les-cours\/enfants\/\",\"name\":\"Temps Danse Jazz- Cours de danse pour les enfants\",\"isPartOf\":{\"@id\":\"http:\/\/tempsdansejazz.com\/#website\"},\"datePublished\":\"2016-08-04T14:09:27+00:00\",\"dateModified\":\"2018-07-06T18:29:50+00:00\",\"description\":\"D\\u00e9couvrez les diff\\u00e9rents cours de danse propos\\u00e9s pour les enfants entre 4 et 12 ans par Temps Danse Jazz, \\u00e9cole de danse situ\\u00e9e \\u00e0 Belley.\",\"inLanguage\":\"fr-FR\",\"potentialAction\":[{\"@type\":\"ReadAction\",\"target\":[\"https:\/\/tempsdansejazz.com\/index.php\/les-cours\/enfants\/\"]}]}]}<\/script>\n<!-- \/ Yoast SEO plugin. -->","_links":{"self":[{"href":"http:\/\/tempsdansejazz.com\/index.php\/wp-json\/wp\/v2\/pages\/702"}],"collection":[{"href":"http:\/\/tempsdansejazz.com\/index.php\/wp-json\/wp\/v2\/pages"}],"about":[{"href":"http:\/\/tempsdansejazz.com\/index.php\/wp-json\/wp\/v2\/types\/page"}],"author":[{"embeddable":true,"href":"http:\/\/tempsdansejazz.com\/index.php\/wp-json\/wp\/v2\/users\/1"}],"replies":[{"embeddable":true,"href":"http:\/\/tempsdansejazz.com\/index.php\/wp-json\/wp\/v2\/comments?post=702"}],"version-history":[{"count":133,"href":"http:\/\/tempsdansejazz.com\/index.php\/wp-json\/wp\/v2\/pages\/702\/revisions"}],"predecessor-version":[{"id":2325,"href":"http:\/\/tempsdansejazz.com\/index.php\/wp-json\/wp\/v2\/pages\/702\/revisions\/2325"}],"up":[{"embeddable":true,"href":"http:\/\/tempsdansejazz.com\/index.php\/wp-json\/wp\/v2\/pages\/730"}],"wp:attachment":[{"href":"http:\/\/tempsdansejazz.com\/index.php\/wp-json\/wp\/v2\/media?parent=702"}],"curies":[{"name":"wp","href":"https:\/\/api.w.org\/{rel}","templated":true}]}}