{"id":649,"date":"2016-08-04T09:33:41","date_gmt":"2016-08-04T08:33:41","guid":{"rendered":"http:\/\/tempsdansejazz.com\/?page_id=649"},"modified":"2025-08-18T10:46:18","modified_gmt":"2025-08-18T08:46:18","slug":"horaires-tarifs","status":"publish","type":"page","link":"http:\/\/tempsdansejazz.com\/index.php\/horaires-tarifs\/","title":{"rendered":"Horaires &#038; Tarifs"},"content":{"rendered":"<style type=\"text\/css\"> \n#cmsmasters_row_69d250726e59d { \n\tbackground-color:rgba(255,255,255,0);\n\tbackground-image: url(http:\/\/tempsdansejazz.com\/wp-content\/uploads\/2016\/08\/Tdj-2015-imp-41-e1471164610592.jpg); \n\tbackground-position: top center; \n\tbackground-repeat: no-repeat; \n\tbackground-attachment: fixed; \n\tbackground-size: cover; \n} \n\n#cmsmasters_row_69d250726e59d .cmsmasters_row_outer_parent { \n\tpadding-top: 0px; \n} \n\n#cmsmasters_row_69d250726e59d .cmsmasters_row_outer_parent { \n\tpadding-bottom: 300px; \n} \n\n \n\n#cmsmasters_fb_69d250726efc6 { \n\tpadding-top:300px; \n\tpadding-bottom:0px; \n} \n\n#cmsmasters_fb_69d250726efc6 .featured_block_inner { \n\twidth: 100%; \n\tpadding: ; \n\ttext-align: left; \n\tmargin:0 auto; \n} \n\n#cmsmasters_fb_69d250726efc6 .featured_block_text { \n\ttext-align: left; \n} \n\n \n#cmsmasters_row_69d250726f0d9 { \n\tbackground-color:#ffffff;\n} \n\n \n#cmsmasters_heading_69d250726f3c5 { \n\ttext-align:left; \n\tmargin-top:0px; \n\tmargin-bottom:20px; \n} \n\n#cmsmasters_heading_69d250726f3c5 .cmsmasters_heading { \n\ttext-align:left; \n} \n\n#cmsmasters_heading_69d250726f3c5 .cmsmasters_heading, #cmsmasters_heading_69d250726f3c5 .cmsmasters_heading a { \n\tfont-family:'Roboto'; \n\tfont-weight:normal; \n\tfont-style:normal; \n} \n\n#cmsmasters_heading_69d250726f3c5 .cmsmasters_heading_divider { \n} \n\n \n#cmsmasters_heading_69d250726f622 { \n\ttext-align:left; \n\tmargin-top:0px; \n\tmargin-bottom:20px; \n} \n\n#cmsmasters_heading_69d250726f622 .cmsmasters_heading { \n\ttext-align:left; \n} \n\n#cmsmasters_heading_69d250726f622 .cmsmasters_heading, #cmsmasters_heading_69d250726f622 .cmsmasters_heading a { \n\tfont-family:'Roboto'; \n\tfont-weight:normal; \n\tfont-style:normal; \n\tcolor:#ffffff;\n} \n\n#cmsmasters_heading_69d250726f622 .cmsmasters_heading_divider { \n} \n\n \n#cmsmasters_row_69d250726f74f .cmsmasters_row_outer_parent { \n\tpadding-top: 0px; \n} \n\n#cmsmasters_row_69d250726f74f .cmsmasters_row_outer_parent { \n\tpadding-bottom: 0px; \n} \n\n\n#cmsmasters_button_69d250726f94a { \n\tfloat:right; \n} \n\n#cmsmasters_button_69d250726f94a .cmsmasters_button:before { \n\tmargin-right:.5em; \n\tmargin-left:0; \n\tvertical-align:baseline; \n} \n\n#cmsmasters_button_69d250726f94a .cmsmasters_button { \n\tfont-weight:normal; \n\tfont-style:normal; \n\tborder-style:solid; \n} \n#cmsmasters_button_69d250726f94a .cmsmasters_button:hover { \n} \n \n#cmsmasters_divider_69d250726f9da { \n\tborder-bottom-width:1px; \n\tborder-bottom-style:solid; \n\tpadding-top:50px; \n\tmargin-bottom:50px; \n} \n \n#cmsmasters_row_69d250726fa7d .cmsmasters_row_outer_parent { \n\tpadding-top: 0px; \n} \n\n#cmsmasters_row_69d250726fa7d .cmsmasters_row_outer_parent { \n\tpadding-bottom: 70px; \n} \n\n \n#cmsmasters_heading_69d250726fd10 { \n\ttext-align:left; \n\tmargin-top:25px; \n\tmargin-bottom:10px; \n} \n\n#cmsmasters_heading_69d250726fd10 .cmsmasters_heading { \n\ttext-align:left; \n} \n\n#cmsmasters_heading_69d250726fd10 .cmsmasters_heading, #cmsmasters_heading_69d250726fd10 .cmsmasters_heading a { \n\tfont-family:'Roboto'; \n\tfont-weight:normal; \n\tfont-style:normal; \n} \n\n#cmsmasters_heading_69d250726fd10 .cmsmasters_heading_divider { \n} \n\n \n#cmsmasters_row_69d2507270b38 { \n\tbackground-color:#d1d1d1;\n} \n\n#cmsmasters_row_69d2507270b38 .cmsmasters_row_outer_parent { \n\tpadding-top: 20px; \n} \n\n#cmsmasters_row_69d2507270b38 .cmsmasters_row_outer_parent { \n\tpadding-bottom: 20px; \n} \n\n \n#cmsmasters_heading_69d2507270df0 { \n\ttext-align:left; \n\tmargin-top:0px; \n\tmargin-bottom:0px; \n} \n\n#cmsmasters_heading_69d2507270df0 .cmsmasters_heading { \n\ttext-align:left; \n} \n\n#cmsmasters_heading_69d2507270df0 .cmsmasters_heading, #cmsmasters_heading_69d2507270df0 .cmsmasters_heading a { \n\tfont-family:'Roboto'; \n\tfont-weight:normal; \n\tfont-style:normal; \n\tcolor:#ffffff;\n} \n\n#cmsmasters_heading_69d2507270df0 .cmsmasters_heading_divider { \n} \n\n \n#cmsmasters_heading_69d250727110c { \n\ttext-align:left; \n\tmargin-top:0px; \n\tmargin-bottom:20px; \n} \n\n#cmsmasters_heading_69d250727110c .cmsmasters_heading { \n\ttext-align:left; \n} \n\n#cmsmasters_heading_69d250727110c .cmsmasters_heading, #cmsmasters_heading_69d250727110c .cmsmasters_heading a { \n\tfont-weight:normal; \n\tfont-style:normal; \n\tcolor:#ffffff;\n} \n\n#cmsmasters_heading_69d250727110c .cmsmasters_heading_divider { \n} \n\n \n#cmsmasters_heading_69d250727139a { \n\ttext-align:left; \n\tmargin-top:0px; \n\tmargin-bottom:20px; \n} \n\n#cmsmasters_heading_69d250727139a .cmsmasters_heading { \n\ttext-align:left; \n} \n\n#cmsmasters_heading_69d250727139a .cmsmasters_heading, #cmsmasters_heading_69d250727139a .cmsmasters_heading a { \n\tfont-weight:normal; \n\tfont-style:normal; \n\tcolor:#ffffff;\n} \n\n#cmsmasters_heading_69d250727139a .cmsmasters_heading_divider { \n} \n\n\n#cmsmasters_button_69d25072714c8 { \n\tfloat:left; \n} \n\n#cmsmasters_button_69d25072714c8 .cmsmasters_button:before { \n\tmargin-right:.5em; \n\tmargin-left:0; \n\tvertical-align:baseline; \n} \n\n#cmsmasters_button_69d25072714c8 .cmsmasters_button { \n\tfont-family:'Roboto'; \n\tfont-weight:normal; \n\tfont-style:normal; \n\tborder-style:solid; \n} \n#cmsmasters_button_69d25072714c8 .cmsmasters_button:hover { \n} \n<\/style><div id=\"cmsmasters_row_69d250726e59d\" class=\"cmsmasters_row cmsmasters_color_scheme_default cmsmasters_row_top_default cmsmasters_row_bot_default cmsmasters_row_boxed\">\n<div class=\"cmsmasters_row_outer_parent\">\n<div class=\"cmsmasters_row_outer\">\n<div class=\"cmsmasters_row_inner\">\n<div class=\"cmsmasters_row_margin\">\n<div class=\"cmsmasters_column one_first\">\n<div id=\"cmsmasters_fb_69d250726efc6\" class=\"cmsmasters_featured_block\">\n<div class=\"featured_block_inner\">\n<div class=\"featured_block_text\">\n<h1 style=\"text-align: center;\"><span style=\"font-family: impact, sans-serif; font-size: 60pt; color: #ffffff;\">Horaires &amp; Tarifs<\/span><\/h1>\n<\/div>\n<\/div>\n<\/div>\n<\/div>\n<\/div>\n<\/div>\n<\/div>\n<\/div>\n<\/div>\n<div id=\"cmsmasters_row_69d250726f0d9\" class=\"cmsmasters_row cmsmasters_color_scheme_default cmsmasters_row_top_left_diagonal cmsmasters_row_bot_default cmsmasters_row_boxed\">\n<div class=\"cmsmasters_row_outer_parent\">\n<div class=\"cmsmasters_row_outer\">\n<div class=\"cmsmasters_row_inner\">\n<div class=\"cmsmasters_row_margin\">\n<div class=\"cmsmasters_column one_half\">\n\n<div id=\"cmsmasters_heading_69d250726f3c5\" class=\"cmsmasters_heading_wrap cmsmasters_heading_align_left\">\n\t<h1 class=\"cmsmasters_heading\">Tarifs d\u00e9gressifs<\/h1>\n<\/div><div class=\"cmsmasters_text\">\n<p><strong>Des tarifs d\u00e9gressifs pour les \u00e9l\u00e8ves prenant plusieurs cours<\/strong><\/p>\n<p>Enfin\u00a0!! le virus de la danse est en vous\u00a0!<\/p>\n<p>Pour assouvir pleinement votre passion, Temps Danse Jazz applique des tarifs d\u00e9gressifs \u00e0 partir du 2\u00e8me cours.<\/p>\n<\/div>\n<\/div>\n<div class=\"cmsmasters_column one_half\">\n\n<div id=\"cmsmasters_heading_69d250726f622\" class=\"cmsmasters_heading_wrap cmsmasters_heading_align_left\">\n\t<h1 class=\"cmsmasters_heading\"> Tarifs d\u00e9gressifs<\/h1>\n<\/div><div class=\"cmsmasters_text\">\n<p><strong>Des tarifs d\u00e9gressifs pour la m\u00eame famille<\/strong><\/p>\n<p>La danse peut devenir une passion d\u00e9vorante et se r\u00e9v\u00e8le souvent contagieuse. Il est fr\u00e9quent que dans la m\u00eame cellule familiale, fr\u00e8res et (ou) s\u0153urs et (ou) maman partagent cette m\u00eame passion.<\/p>\n<p>Soucieuse de s\u2019adresser au plus grand nombre, l\u2019\u00e9cole propose des tarifs d\u00e9gressifs pour les \u00e9l\u00e8ves-danseurs de la m\u00eame famille.<\/p>\n<\/div>\n<\/div>\n<\/div>\n<\/div>\n<\/div>\n<\/div>\n<\/div>\n<div id=\"cmsmasters_row_69d250726f74f\" class=\"cmsmasters_row cmsmasters_color_scheme_default cmsmasters_row_top_default cmsmasters_row_bot_default cmsmasters_row_boxed\">\n<div class=\"cmsmasters_row_outer_parent\">\n<div class=\"cmsmasters_row_outer\">\n<div class=\"cmsmasters_row_inner\">\n<div class=\"cmsmasters_row_margin\">\n<div class=\"cmsmasters_column one_first\">\n<div class=\"cmsmasters_text\">\n<p><em><span style=\"font-family: arial, helvetica, sans-serif; font-size: 10pt;\">Pour b\u00e9n\u00e9ficier des tarifs d\u00e9gressifs, contactez la professeure Vanessa Blanc qui, en fonction du nombre de cours et du nombre d\u2019\u00e9l\u00e8ves de la m\u00eame famille vous calculera le tarif \u00e0 l&rsquo;ann\u00e9e.\n<div id=\"cmsmasters_button_69d250726f94a\" class=\"button_wrap\"><a href=\"http:\/\/tempsdansejazz.com\/index.php\/contact\/\" class=\"cmsmasters_button\"><span>CONTACT<\/span><\/a><\/div>\n<\/span><\/em><\/p>\n<\/div>\n\n<div id=\"cmsmasters_divider_69d250726f9da\" class=\"cmsmasters_divider cmsmasters_divider_width_long cmsmasters_divider_pos_center\"><\/div>\n<\/div>\n<\/div>\n<\/div>\n<\/div>\n<\/div>\n<\/div>\n<div id=\"cmsmasters_row_69d250726fa7d\" class=\"cmsmasters_row cmsmasters_color_scheme_default cmsmasters_row_top_default cmsmasters_row_bot_default cmsmasters_row_boxed\">\n<div class=\"cmsmasters_row_outer_parent\">\n<div class=\"cmsmasters_row_outer\">\n<div class=\"cmsmasters_row_inner\">\n<div class=\"cmsmasters_row_margin\">\n<div class=\"cmsmasters_column one_first\">\n\n<div id=\"cmsmasters_heading_69d250726fd10\" class=\"cmsmasters_heading_wrap cmsmasters_heading_align_left\">\n\t<h1 class=\"cmsmasters_heading\">Horaires &amp; Tarifs 2025-2026<\/h1>\n<\/div><table class=\"cmsmasters_table\" data-animation=\"fadeInLeft\" data-delay=\"0\"><caption><\/caption><tr><td class=\"cmsmasters_table_cell_alignleft\">Cours<\/td><td class=\"cmsmasters_table_cell_alignleft\">Niveau<\/td><td class=\"cmsmasters_table_cell_alignleft\">Dur\u00e9e du cours<\/td><td class=\"cmsmasters_table_cell_alignleft\">Jour<\/td><td class=\"cmsmasters_table_cell_alignleft\">Horaire<\/td><td class=\"cmsmasters_table_cell_alignleft\">Tarif annuel<\/td><\/tr><tr><td class=\"cmsmasters_table_cell_alignleft\">Enfants 4 &#8211; 5 ans Moyenne Section de Maternelle<\/td><td class=\"cmsmasters_table_cell_alignleft\">Eveil<\/td><td class=\"cmsmasters_table_cell_alignleft\">45 min<\/td><td class=\"cmsmasters_table_cell_alignleft\">Mercredi<\/td><td class=\"cmsmasters_table_cell_alignleft\">16h30-17h15<\/td><td class=\"cmsmasters_table_cell_alignleft\">210 \u20ac<\/td><\/tr><tr><td class=\"cmsmasters_table_cell_alignleft\">Enfants 5 &#8211; 6 ans Grande Section de Maternelle<\/td><td class=\"cmsmasters_table_cell_alignleft\">Eveil<\/td><td class=\"cmsmasters_table_cell_alignleft\">45 min<\/td><td class=\"cmsmasters_table_cell_alignleft\">Samedi<\/td><td class=\"cmsmasters_table_cell_alignleft\">10h15-11h00<\/td><td class=\"cmsmasters_table_cell_alignleft\">210 \u20ac<\/td><\/tr><tr><td class=\"cmsmasters_table_cell_alignleft\">Enfants 6 -7 ans CP<\/td><td class=\"cmsmasters_table_cell_alignleft\">Initiation<\/td><td class=\"cmsmasters_table_cell_alignleft\">1 heure<\/td><td class=\"cmsmasters_table_cell_alignleft\">Mercredi<\/td><td class=\"cmsmasters_table_cell_alignleft\">14h30-15h30<\/td><td class=\"cmsmasters_table_cell_alignleft\">270 \u20ac<\/td><\/tr><tr><td class=\"cmsmasters_table_cell_alignleft\">Enfants 7 &#8211; 8 ans CE1<\/td><td class=\"cmsmasters_table_cell_alignleft\">Initiation<\/td><td class=\"cmsmasters_table_cell_alignleft\">1 heure<\/td><td class=\"cmsmasters_table_cell_alignleft\">Mercredi<\/td><td class=\"cmsmasters_table_cell_alignleft\">15h30-16h30<\/td><td class=\"cmsmasters_table_cell_alignleft\">270 \u20ac<\/td><\/tr><tr><td class=\"cmsmasters_table_cell_alignleft\">Enfants 8-12 ans CE2, CM1, CM2<\/td><td class=\"cmsmasters_table_cell_alignleft\">D\u00e9butant 1<\/td><td class=\"cmsmasters_table_cell_alignleft\">1 heure<\/td><td class=\"cmsmasters_table_cell_alignleft\">Mercredi<\/td><td class=\"cmsmasters_table_cell_alignleft\">10h00-11h00<\/td><td class=\"cmsmasters_table_cell_alignleft\">270 \u20ac<\/td><\/tr><tr><td class=\"cmsmasters_table_cell_alignleft\"> Enfants 8-12 ans CE2, CM1, CM2<\/td><td class=\"cmsmasters_table_cell_alignleft\">D\u00e9butant 2<\/td><td class=\"cmsmasters_table_cell_alignleft\">1 heure <\/td><td class=\"cmsmasters_table_cell_alignleft\">Mercredi<\/td><td class=\"cmsmasters_table_cell_alignleft\">11h00-12h00<\/td><td class=\"cmsmasters_table_cell_alignleft\">270 \u20ac<\/td><\/tr><tr><td class=\"cmsmasters_table_cell_alignleft\">Enfants 8-12 ans CE2, CM1, CM2, 6\u00e8me<\/td><td class=\"cmsmasters_table_cell_alignleft\">Interm\u00e9diaire<\/td><td class=\"cmsmasters_table_cell_alignleft\">1 heure 15 min<\/td><td class=\"cmsmasters_table_cell_alignleft\">Mardi<\/td><td class=\"cmsmasters_table_cell_alignleft\">17h15-18h30<\/td><td class=\"cmsmasters_table_cell_alignleft\">336 \u20ac<\/td><\/tr><tr><td class=\"cmsmasters_table_cell_alignleft\">Enfants 8-12 ans CE2, CM1, CM2, 6\u00e8me<\/td><td class=\"cmsmasters_table_cell_alignleft\">Avanc\u00e9<\/td><td class=\"cmsmasters_table_cell_alignleft\">1 heure 30 min<\/td><td class=\"cmsmasters_table_cell_alignleft\">Jeudi<\/td><td class=\"cmsmasters_table_cell_alignleft\">17h15-18h45<\/td><td class=\"cmsmasters_table_cell_alignleft\">396 \u20ac<\/td><\/tr><tr><td class=\"cmsmasters_table_cell_alignleft\">Ados 12-16 ans Coll\u00e8ge, Lyc\u00e9e<\/td><td class=\"cmsmasters_table_cell_alignleft\">D\u00e9butant Interm\u00e9diaire<\/td><td class=\"cmsmasters_table_cell_alignleft\">1 heure 15 min<\/td><td class=\"cmsmasters_table_cell_alignleft\">Lundi<\/td><td class=\"cmsmasters_table_cell_alignleft\">17h15-18h30<\/td><td class=\"cmsmasters_table_cell_alignleft\">336 \u20ac<\/td><\/tr><tr><td class=\"cmsmasters_table_cell_alignleft\">Ados 12-16 ans Coll\u00e8ge, Lyc\u00e9e<\/td><td class=\"cmsmasters_table_cell_alignleft\">Interm\u00e9diaire Avanc\u00e9<\/td><td class=\"cmsmasters_table_cell_alignleft\">1 heure 30 min<\/td><td class=\"cmsmasters_table_cell_alignleft\">Mercredi<\/td><td class=\"cmsmasters_table_cell_alignleft\">13h00-14h30<\/td><td class=\"cmsmasters_table_cell_alignleft\">396 \u20ac<\/td><\/tr><tr><td class=\"cmsmasters_table_cell_alignleft\">Ados 14-18 ans Lyc\u00e9e<\/td><td class=\"cmsmasters_table_cell_alignleft\">Avanc\u00e9<\/td><td class=\"cmsmasters_table_cell_alignleft\">1 heure 30 min<\/td><td class=\"cmsmasters_table_cell_alignleft\">Samedi<\/td><td class=\"cmsmasters_table_cell_alignleft\">11h00-12h30<\/td><td class=\"cmsmasters_table_cell_alignleft\">396 \u20ac<\/td><\/tr><tr><td class=\"cmsmasters_table_cell_alignleft\">Ados 18-25 ans Lyc\u00e9e et \u00e9tudes sup\u00e9rieures<\/td><td class=\"cmsmasters_table_cell_alignleft\">Avanc\u00e9<\/td><td class=\"cmsmasters_table_cell_alignleft\">1 heure 30 min<\/td><td class=\"cmsmasters_table_cell_alignleft\">Samedi<\/td><td class=\"cmsmasters_table_cell_alignleft\">13h00-14h30<\/td><td class=\"cmsmasters_table_cell_alignleft\">396 \u20ac<\/td><\/tr><tr><td class=\"cmsmasters_table_cell_alignleft\">Adultes <\/td><td class=\"cmsmasters_table_cell_alignleft\">D\u00e9butant Interm\u00e9diaire<\/td><td class=\"cmsmasters_table_cell_alignleft\">1 heure 30 min<\/td><td class=\"cmsmasters_table_cell_alignleft\">Mardi<\/td><td class=\"cmsmasters_table_cell_alignleft\">19h30-21h00<\/td><td class=\"cmsmasters_table_cell_alignleft\">396 \u20ac<\/td><\/tr><tr><td class=\"cmsmasters_table_cell_alignleft\">Adultes<\/td><td class=\"cmsmasters_table_cell_alignleft\">Interm\u00e9diaire Avanc\u00e9<\/td><td class=\"cmsmasters_table_cell_alignleft\">1 heure 30 min<\/td><td class=\"cmsmasters_table_cell_alignleft\">Lundi<\/td><td class=\"cmsmasters_table_cell_alignleft\">19h00-20h30<\/td><td class=\"cmsmasters_table_cell_alignleft\">396 \u20ac<\/td><\/tr><tr><td class=\"cmsmasters_table_cell_alignleft\">Jazz Pointes A partir de 12 ans Cours en plus obligatoire<\/td><td class=\"cmsmasters_table_cell_alignleft\">Avanc\u00e9<\/td><td class=\"cmsmasters_table_cell_alignleft\">1 heure<\/td><td class=\"cmsmasters_table_cell_alignleft\">Mardi<\/td><td class=\"cmsmasters_table_cell_alignleft\">18h30-19h30<\/td><td class=\"cmsmasters_table_cell_alignleft\">270 \u20ac<\/td><\/tr><tr><td class=\"cmsmasters_table_cell_alignleft\">Cours Technique. A partir de 12 ans.<\/td><td class=\"cmsmasters_table_cell_alignleft\">Avanc\u00e9<\/td><td class=\"cmsmasters_table_cell_alignleft\">1 heure<\/td><td class=\"cmsmasters_table_cell_alignleft\">Jeudi<\/td><td class=\"cmsmasters_table_cell_alignleft\">18h45-19h45<\/td><td class=\"cmsmasters_table_cell_alignleft\">270 \u20ac<\/td><\/tr><tr><td class=\"cmsmasters_table_cell_alignleft\">Etirements A partir de 12 ans Ouvert \u00e0 tous, danseurs ou non<\/td><td class=\"cmsmasters_table_cell_alignleft\">Tous niveaux<\/td><td class=\"cmsmasters_table_cell_alignleft\">1 heure<\/td><td class=\"cmsmasters_table_cell_alignleft\">Jeudi<\/td><td class=\"cmsmasters_table_cell_alignleft\">12h30-13h30<\/td><td class=\"cmsmasters_table_cell_alignleft\">Carte de 10 cours 80 \u20ac<\/td><\/tr><\/table>\n<\/div>\n<\/div>\n<\/div>\n<\/div>\n<\/div>\n<\/div>\n<div id=\"cmsmasters_row_69d2507270b38\" class=\"cmsmasters_row cmsmasters_color_scheme_default cmsmasters_row_top_right_diagonal cmsmasters_row_bot_default cmsmasters_row_boxed\">\n<div class=\"cmsmasters_row_outer_parent\">\n<div class=\"cmsmasters_row_outer\">\n<div class=\"cmsmasters_row_inner\">\n<div class=\"cmsmasters_row_margin\">\n<div class=\"cmsmasters_column one_third\">\n\n<div id=\"cmsmasters_heading_69d2507270df0\" class=\"cmsmasters_heading_wrap cmsmasters_heading_align_left\">\n\t<h1 class=\"cmsmasters_heading\">Modalit\u00e9s de paiement<\/h1>\n<\/div><div class=\"cmsmasters_text\">\n<p><strong><span style=\"font-size: 12pt;\">Standards :<\/span><\/strong><\/p>\n<ul>\n<li><span style=\"font-size: 12pt;\">Esp\u00e8ces ou ch\u00e8que en 1 fois\u00a0<\/span><\/li>\n<li><span style=\"font-size: 12pt;\">3\u00a0ch\u00e8ques\u00a0encaiss\u00e9s\u00a0les 15 du mois d&rsquo;octobre, janvier et avril*<\/span><\/li>\n<\/ul>\n<p><span style=\"font-size: 10pt;\"><em>\u00a0*sur demande, la date d&rsquo;encaissement ainsi que le nombre de ch\u00e8ques\u00a0<\/em><\/span><span style=\"font-size: 10pt;\"><em>peuvent \u00eatre personnalis\u00e9s<\/em><\/span><\/p>\n<p><strong><span style=\"font-size: 12pt;\">Autres :<\/span><\/strong><\/p>\n<ul>\n<li><span style=\"font-size: 12pt;\">Ch\u00e8ques vacances ANCV<\/span><\/li>\n<li><span style=\"font-size: 12pt;\">Coupons sport<\/span><\/li>\n<li><span style=\"font-size: 12pt;\">Ch\u00e9quiers jeunes 01 (ch\u00e8ques culture)<\/span><\/li>\n<\/ul>\n<address><span style=\"font-size: 12pt;\">\u00a0<\/span><\/address>\n<\/div>\n<\/div>\n<div class=\"cmsmasters_column one_third\">\n\n<div id=\"cmsmasters_heading_69d250727110c\" class=\"cmsmasters_heading_wrap cmsmasters_heading_align_left\">\n\t<h1 class=\"cmsmasters_heading\">Inscriptions<\/h1>\n<\/div><div class=\"cmsmasters_text\">\n<p><span style=\"font-size: 12pt;\">Fin septembre, apr\u00e8s les cours d&rsquo;essais, la professeure remet les dossiers d&rsquo;inscriptions.<\/span><\/p>\n<p><span style=\"font-size: 12pt;\">Pour que ceux-ci soient valides, l\u2019\u00e9l\u00e8ve \u00a0doit :<\/span><\/p>\n<ul>\n<li><span style=\"font-size: 12pt;\">retourner le dossier d&rsquo;inscription, rempli, dat\u00e9 et sign\u00e9,<\/span><\/li>\n<li><span style=\"font-size: 12pt;\">fournir un certificat m\u00e9dical (uniquement pour les majeurs)<\/span><\/li>\n<\/ul>\n<\/div>\n<\/div>\n<div class=\"cmsmasters_column one_third\">\n\n<div id=\"cmsmasters_heading_69d250727139a\" class=\"cmsmasters_heading_wrap cmsmasters_heading_align_left\">\n\t<h1 class=\"cmsmasters_heading\">Contact<\/h1>\n<\/div><div class=\"cmsmasters_text\">\n<p><span style=\"color: #333333; font-size: 12pt;\">Pour toute demande d&rsquo;informations, n\u2019h\u00e9sitez pas \u00e0 contacter la professeur :<\/span><\/p>\n<p><span style=\"font-size: 12pt;\"><strong>Mobile: 06.24.61.08.85<\/strong><\/span><\/p>\n<p><a href=\"mailto:vanessa@tempsdansejazz.com\"><span style=\"font-size: 12pt;\"><strong>vanessa@tempsdansejazz.com<\/strong><\/span><\/a><\/p>\n<p><a href=\"http:\/\/tempsdansejazz.com\/index.php\/contact\/\"><strong><span style=\"font-size: 12pt;\">Demande d&rsquo;informations via\u00a0notre formulaire<\/span><\/strong><\/a><\/p>\n<\/div>\n\n<div id=\"cmsmasters_button_69d25072714c8\" class=\"button_wrap\"><a href=\"http:\/\/tempsdansejazz.com\/index.php\/contact\/\" class=\"cmsmasters_button\"><span>Formulaire<\/span><\/a><\/div>\n<\/div>\n<\/div>\n<\/div>\n<\/div>\n<\/div>\n<\/div>\n\n","protected":false},"excerpt":{"rendered":"","protected":false},"author":1,"featured_media":0,"parent":0,"menu_order":4,"comment_status":"closed","ping_status":"closed","template":"","meta":[],"yoast_head":"<!-- This site is optimized with the Yoast SEO plugin v15.2 - https:\/\/yoast.com\/wordpress\/plugins\/seo\/ -->\n<title>Horaires et tarifs de l&#039;\u00e9cole de danse Temps Danse Jazz \u00e0 Belley<\/title>\n<meta name=\"description\" content=\"Vous trouverez tous les renseignements n\u00e9cessaires concernant les horaires et les tarifs des diff\u00e9rents cours de danse propos\u00e9s Temps Danse Jazz Belley.\" \/>\n<meta name=\"robots\" content=\"index, follow, max-snippet:-1, max-image-preview:large, max-video-preview:-1\" \/>\n<link rel=\"canonical\" href=\"http:\/\/tempsdansejazz.com\/index.php\/horaires-tarifs\/\" \/>\n<meta property=\"og:locale\" content=\"fr_FR\" \/>\n<meta property=\"og:type\" content=\"article\" \/>\n<meta property=\"og:title\" content=\"Horaires et tarifs de l&#039;\u00e9cole de danse Temps Danse Jazz \u00e0 Belley\" \/>\n<meta property=\"og:description\" content=\"Vous trouverez tous les renseignements n\u00e9cessaires concernant les horaires et les tarifs des diff\u00e9rents cours de danse propos\u00e9s Temps Danse Jazz Belley.\" \/>\n<meta property=\"og:url\" content=\"http:\/\/tempsdansejazz.com\/index.php\/horaires-tarifs\/\" \/>\n<meta property=\"og:site_name\" content=\"TEMPS DANSE JAZZ\" \/>\n<meta property=\"article:modified_time\" content=\"2025-08-18T08:46:18+00:00\" \/>\n<meta name=\"twitter:card\" content=\"summary\" \/>\n<meta name=\"twitter:label1\" value=\"\u00c9crit par\">\n\t<meta name=\"twitter:data1\" value=\"admin6601\">\n\t<meta name=\"twitter:label2\" value=\"Dur\u00e9e de lecture est.\">\n\t<meta name=\"twitter:data2\" value=\"6 minutes\">\n<script type=\"application\/ld+json\" class=\"yoast-schema-graph\">{\"@context\":\"https:\/\/schema.org\",\"@graph\":[{\"@type\":\"WebSite\",\"@id\":\"https:\/\/tempsdansejazz.com\/#website\",\"url\":\"https:\/\/tempsdansejazz.com\/\",\"name\":\"TEMPS DANSE JAZZ\",\"description\":\"Ecole de danse\",\"potentialAction\":[{\"@type\":\"SearchAction\",\"target\":\"https:\/\/tempsdansejazz.com\/?s={search_term_string}\",\"query-input\":\"required name=search_term_string\"}],\"inLanguage\":\"fr-FR\"},{\"@type\":\"WebPage\",\"@id\":\"http:\/\/tempsdansejazz.com\/index.php\/horaires-tarifs\/#webpage\",\"url\":\"http:\/\/tempsdansejazz.com\/index.php\/horaires-tarifs\/\",\"name\":\"Horaires et tarifs de l'\\u00e9cole de danse Temps Danse Jazz \\u00e0 Belley\",\"isPartOf\":{\"@id\":\"https:\/\/tempsdansejazz.com\/#website\"},\"datePublished\":\"2016-08-04T08:33:41+00:00\",\"dateModified\":\"2025-08-18T08:46:18+00:00\",\"description\":\"Vous trouverez tous les renseignements n\\u00e9cessaires concernant les horaires et les tarifs des diff\\u00e9rents cours de danse propos\\u00e9s Temps Danse Jazz Belley.\",\"inLanguage\":\"fr-FR\",\"potentialAction\":[{\"@type\":\"ReadAction\",\"target\":[\"http:\/\/tempsdansejazz.com\/index.php\/horaires-tarifs\/\"]}]}]}<\/script>\n<!-- \/ Yoast SEO plugin. -->","_links":{"self":[{"href":"http:\/\/tempsdansejazz.com\/index.php\/wp-json\/wp\/v2\/pages\/649"}],"collection":[{"href":"http:\/\/tempsdansejazz.com\/index.php\/wp-json\/wp\/v2\/pages"}],"about":[{"href":"http:\/\/tempsdansejazz.com\/index.php\/wp-json\/wp\/v2\/types\/page"}],"author":[{"embeddable":true,"href":"http:\/\/tempsdansejazz.com\/index.php\/wp-json\/wp\/v2\/users\/1"}],"replies":[{"embeddable":true,"href":"http:\/\/tempsdansejazz.com\/index.php\/wp-json\/wp\/v2\/comments?post=649"}],"version-history":[{"count":171,"href":"http:\/\/tempsdansejazz.com\/index.php\/wp-json\/wp\/v2\/pages\/649\/revisions"}],"predecessor-version":[{"id":3379,"href":"http:\/\/tempsdansejazz.com\/index.php\/wp-json\/wp\/v2\/pages\/649\/revisions\/3379"}],"wp:attachment":[{"href":"http:\/\/tempsdansejazz.com\/index.php\/wp-json\/wp\/v2\/media?parent=649"}],"curies":[{"name":"wp","href":"https:\/\/api.w.org\/{rel}","templated":true}]}}